{"id":2977,"date":"2020-02-11T15:45:38","date_gmt":"2020-02-11T14:45:38","guid":{"rendered":"https:\/\/www.forcenet.de\/en\/?page_id=2977"},"modified":"2020-02-14T13:53:57","modified_gmt":"2020-02-14T12:53:57","slug":"managed-services","status":"publish","type":"page","link":"https:\/\/www.forcenet.de\/en\/services\/it-services\/managed-services\/","title":{"rendered":"Managed Services"},"content":{"rendered":"<p>[vc_section full_width=&#8221;stretch_row&#8221; css=&#8221;.vc_custom_1581684806711{background-image: url(https:\/\/www.forcenet.de\/en\/wp-content\/uploads\/2020\/02\/managed-services.jpg?id=3362) !important;background-position: center !important;background-repeat: no-repeat !important;background-size: cover !important;}&#8221;][vc_row full_width=&#8221;stretch_row&#8221; css=&#8221;.vc_custom_1581583626696{padding-top: 120px !important;padding-bottom: 100px !important;background-color: rgba(0,0,0,0.1) !important;*background-color: rgb(0,0,0) !important;}&#8221;][vc_column][vc_custom_heading text=&#8221;Completely carefree with our&#8221; font_container=&#8221;tag:div|font_size:60px|text_align:left|color:%23ffffff&#8221; google_fonts=&#8221;font_family:Roboto%3A100%2C100italic%2C300%2C300italic%2Cregular%2Citalic%2C500%2C500italic%2C700%2C700italic%2C900%2C900italic|font_style:700%20bold%20regular%3A700%3Anormal&#8221; css_animation=&#8221;fadeInUp&#8221; el_class=&#8221;custom-hd delay-2&#8243;][vc_empty_space height=&#8221;40px&#8221;][vc_custom_heading text=&#8221;managed services&#8221; font_container=&#8221;tag:h2|font_size:90px|text_align:left|color:%23ffffff|line_height:1.0&#8243; google_fonts=&#8221;font_family:Roboto%3A100%2C100italic%2C300%2C300italic%2Cregular%2Citalic%2C500%2C500italic%2C700%2C700italic%2C900%2C900italic|font_style:700%20bold%20regular%3A700%3Anormal&#8221; css_animation=&#8221;fadeInUp&#8221; el_class=&#8221;custom-hd delay-2&#8243;][vc_empty_space height=&#8221;40px&#8221;][\/vc_column][\/vc_row][\/vc_section][vc_section full_width=&#8221;stretch_row&#8221; css_animation=&#8221;none&#8221; css=&#8221;.vc_custom_1581501421722{padding-bottom: 60px !important;}&#8221; el_id=&#8221;overview&#8221;][vc_row][vc_column offset=&#8221;vc_hidden-sm vc_hidden-xs&#8221;][vc_widget_sidebar sidebar_id=&#8221;sidebar-5e42c723952d9&#8243;][\/vc_column][\/vc_row][vc_row][vc_column width=&#8221;1\/6&#8243;][\/vc_column][vc_column width=&#8221;2\/3&#8243;][vc_empty_space height=&#8221;80px&#8221;][vc_custom_heading text=&#8221;Overview&#8221; font_container=&#8221;tag:h6|font_size:10px|text_align:center|color:%23627792&#8243; use_theme_fonts=&#8221;yes&#8221; el_class=&#8221;style1&#8243;][vc_empty_space height=&#8221;6px&#8221;][vc_custom_heading text=&#8221;Managed Services&#8221; font_container=&#8221;tag:h3|text_align:center&#8221; use_theme_fonts=&#8221;yes&#8221;][vc_empty_space height=&#8221;20px&#8221;][vc_column_text]<\/p>\n<p style=\"text-align: center;\">As a managed service provider, we are also by your side following implementation and ensure regular monitoring and maintenance of your IT infrastructure \u2013 as an on-premise, cloud or hybrid model. Selecting the right service level agreement is an important element in securing your IT operations. This ensures the desired security and stability of your IT. Your employees are relieved of their workload and can concentrate on their core tasks and you benefit from accurate cost control. We have a solid working relationship with our customers based on trust and each customer is assigned a personal contact person.<\/p>\n<p>[\/vc_column_text][vc_empty_space height=&#8221;20px&#8221;][vc_custom_heading text=&#8221;Our Modular Managed Services&#8221; font_container=&#8221;tag:h4|text_align:center&#8221; use_theme_fonts=&#8221;yes&#8221;][vc_empty_space height=&#8221;20px&#8221;][vc_column_text]<\/p>\n<p style=\"text-align: center;\">Unsere modularen Managed Services unterst\u00fctzen Sie und Ihr IT-Personal beim Betrieb Ihrer Infrastruktur. Je nach Bedarf \u00fcbernehmen unsere Spezialisten komplette Aufgabengebiete. So k\u00f6nnen Sie sich ganz auf Ihr Kerngesch\u00e4ft konzentrieren.<\/p>\n<p>[\/vc_column_text][vc_empty_space height=&#8221;20px&#8221;][vc_single_image image=&#8221;3072&#8243; img_size=&#8221;full&#8221; alignment=&#8221;center&#8221;][\/vc_column][vc_column width=&#8221;1\/6&#8243;][\/vc_column][\/vc_row][\/vc_section][vc_section full_width=&#8221;stretch_row&#8221; css_animation=&#8221;none&#8221; el_id=&#8221;procedure&#8221; css=&#8221;.vc_custom_1581502904506{padding-top: 80px !important;padding-bottom: 80px !important;}&#8221;][vc_row][vc_column][vc_custom_heading text=&#8221;Procedure&#8221; font_container=&#8221;tag:h6|font_size:10px|text_align:center|color:%23627792&#8243; use_theme_fonts=&#8221;yes&#8221; el_class=&#8221;style1&#8243;][vc_empty_space height=&#8221;6px&#8221;][vc_custom_heading text=&#8221;We work closely with you to identify the managed services that are right for you&#8221; font_container=&#8221;tag:h3|text_align:center&#8221; use_theme_fonts=&#8221;yes&#8221;][vc_empty_space height=&#8221;60px&#8221;][\/vc_column][\/vc_row][vc_row][vc_column]<ul class=\"iconlist iconlist iconlist-icon-large \"><li><div ><div class=\"iconlist-item-icon\"><img decoding=\"async\" src=\"https:\/\/www.forcenet.de\/en\/wp-content\/uploads\/2020\/02\/bedarfsanalyse.svg\" alt=\"bedarfsanalyse\" \/><\/div><div class=\"iconlist-item-content\"><h4><strong>Needs assessment<\/strong><\/h4><p>We will arrange a discussion with you and, if necessary, your IT administrators to determine the managed IT services that are right for you. We are there to advise you from the very beginning.<\/div><\/div><\/li><li><div ><div class=\"iconlist-item-icon\"><img decoding=\"async\" src=\"https:\/\/www.forcenet.de\/en\/wp-content\/uploads\/2020\/02\/thema-sicherheit.svg\" alt=\"thema-sicherheit\" \/><\/div><div class=\"iconlist-item-content\"><h4><strong>Issue of Safety<\/strong><\/h4><p>An important point is defining the service level agreement you require. We do of course advise you to take the greatest possible precautions. You decide which requirements you have in terms of availability, response times or warranty.<\/div><\/div><\/li><li><div ><div class=\"iconlist-item-icon\"><img decoding=\"async\" src=\"https:\/\/www.forcenet.de\/en\/wp-content\/uploads\/2020\/02\/angebot-1-1.svg\" alt=\"angebot-1-1\" \/><\/div><div class=\"iconlist-item-content\"><h4><strong>What We Offer<\/strong><\/h4><p>Our managed services incl. service level agreement are tailored to your company.<\/div><\/div><\/li><\/ul>[vc_empty_space height=&#8221;10px&#8221;][\/vc_column][\/vc_row][\/vc_section][vc_section full_width=&#8221;stretch_row&#8221; css_animation=&#8221;none&#8221; css=&#8221;.vc_custom_1581518220629{padding-top: 80px !important;padding-bottom: 30px !important;}&#8221;][vc_row][vc_column][vc_custom_heading text=&#8221;Our Managed Services&#8221; font_container=&#8221;tag:h3|text_align:center&#8221; use_theme_fonts=&#8221;yes&#8221;][vc_empty_space height=&#8221;30px&#8221;][\/vc_column][\/vc_row][vc_row][vc_column][vc_empty_space height=&#8221;30px&#8221;]<ul class=\"iconlist iconlist iconlist-icon-medium \"><li><div class=\"vc_custom_1581518237764\"><div class=\"iconlist-item-icon\"><\/div><div class=\"iconlist-item-content\"><h5>Infrastructure Services<\/h5><p>Regular checks and measures allow us to ensure the performance capabilities of your infrastructure and IT operations &#8211; whether on premise, in the cloud or hybrid.<\/div><\/div><\/li><li><div class=\"vc_custom_1581518243628\"><div class=\"iconlist-item-icon\"><\/div><div class=\"iconlist-item-content\"><h5>Managed Monitoring &amp; Security Services<\/h5><p>We can safeguard the security of your IT infrastructure through real-time monitoring, analysis and optimisation of your IT system, applications and processes.<\/div><\/div><\/li><li><div class=\"vc_custom_1581518249772\"><div class=\"iconlist-item-icon\"><\/div><div class=\"iconlist-item-content\"><h5>Managed Backup-Services<\/h5><p>Unsere Backup-Systeme stellen sicher, dass Ihre Daten jederzeit gesichert sind. Im Notfall ist jederzeit eine Wiederherstellung m\u00f6glich.<\/div><\/div><\/li><\/ul>[vc_empty_space height=&#8221;10px&#8221;]<ul class=\"iconlist iconlist iconlist-icon-medium \"><li><div class=\"vc_custom_1581518256367\"><div class=\"iconlist-item-icon\"><\/div><div class=\"iconlist-item-content\"><h5>Maintenance Services<\/h5><p>As a certified DELL OEM partner, we take care of the service and exchange of DELL components, such as servers, terminals and workstations.<\/div><\/div><\/li><li><div class=\"vc_custom_1581518262292\"><div class=\"iconlist-item-icon\"><\/div><div class=\"iconlist-item-content\"><h5>Individual Support Services<\/h5><p>We work on the basis of individual service level agreements that we have defined together with you in advance. Our standard SLA service is generally provided as a basis.<\/div><\/div><\/li><li><div class=\"vc_custom_1581518268264\"><div class=\"iconlist-item-icon\"><\/div><div class=\"iconlist-item-content\"><h5>Made &amp; Hosted in Germany<\/h5><p>As a German company with branches in Regensburg and data centres in Munich and Nuremberg, we offer EU GDPR-compliant managed cloud and managed hosting solutions.<\/div><\/div><\/li><\/ul>[vc_empty_space height=&#8221;30px&#8221;][\/vc_column][\/vc_row][\/vc_section][vc_section full_width=&#8221;stretch_row&#8221; css_animation=&#8221;none&#8221; css=&#8221;.vc_custom_1581425344150{padding-top: 80px !important;padding-bottom: 30px !important;}&#8221; el_id=&#8221;expertise&#8221;][vc_row][vc_column width=&#8221;1\/6&#8243;][\/vc_column][vc_column width=&#8221;2\/3&#8243;][vc_custom_heading text=&#8221;Expertise&#8221; font_container=&#8221;tag:h6|font_size:10px|text_align:center|color:%23627792&#8243; use_theme_fonts=&#8221;yes&#8221; el_class=&#8221;style1&#8243;][vc_empty_space height=&#8221;6px&#8221;][vc_custom_heading text=&#8221;Our managed services provide you with secure and stable IT.&#8221; font_container=&#8221;tag:h3|text_align:center&#8221; use_theme_fonts=&#8221;yes&#8221;][vc_empty_space height=&#8221;20px&#8221;][vc_column_text]<\/p>\n<p style=\"text-align: center;\">forcenet has many years of experience as a managed service provider. Our employees have in-depth expertise and are familiar with the very latest IT technologies thanks to ongoing training and certification. We are in direct contact with the hardware, operating system and software manufacturers and can guarantee seamless processes and rapid solutions in case of problems. And in doing so, we work together with you in your best interests and in a spirit of trust. This means that the same people are always at your disposal as contact persons. Our certifications guarantee you the greatest possible security and high performance.<\/p>\n<p>[\/vc_column_text][vc_empty_space height=&#8221;20px&#8221;][vc_single_image image=&#8221;3319&#8243; img_size=&#8221;full&#8221; alignment=&#8221;center&#8221;][vc_empty_space height=&#8221;20px&#8221;][vc_single_image image=&#8221;3316&#8243; img_size=&#8221;full&#8221; alignment=&#8221;center&#8221;][vc_empty_space height=&#8221;60px&#8221;][\/vc_column][vc_column width=&#8221;1\/6&#8243;][\/vc_column][\/vc_row][\/vc_section][vc_section full_width=&#8221;stretch_row&#8221; css_animation=&#8221;fadeInUp&#8221; disable_element=&#8221;yes&#8221; el_class=&#8221;mask&#8221; css=&#8221;.vc_custom_1581423764970{background: #fc766a url(https:\/\/www.forcenet.de\/wp-content\/uploads\/2018\/08\/job12-279-chim-01065.jpg?id=1062) !important;background-position: center !important;background-repeat: no-repeat !important;background-size: cover !important;}&#8221; el_id=&#8221;jetzt-anfragen&#8221;][\/vc_section]<\/p>\n","protected":false},"excerpt":{"rendered":"<p>[vc_section full_width=&#8221;stretch_row&#8221; css=&#8221;.vc_custom_1581684806711{background-image: url(https:\/\/www.forcenet.de\/en\/wp-content\/uploads\/2020\/02\/managed-services.jpg?id=3362) !important;background-position: center !important;background-repeat: no-repeat !important;background-size: cover !important;}&#8221;][vc_row full_width=&#8221;stretch_row&#8221; css=&#8221;.vc_custom_1581583626696{padding-top: 120px !important;padding-bottom: 100px !important;background-color: rgba(0,0,0,0.1) !important;*background-color: rgb(0,0,0) !important;}&#8221;][vc_column][vc_custom_heading text=&#8221;Completely carefree with our&#8221; font_container=&#8221;tag:div|font_size:60px|text_align:left|color:%23ffffff&#8221; google_fonts=&#8221;font_family:Roboto%3A100%2C100italic%2C300%2C300italic%2Cregular%2Citalic%2C500%2C500italic%2C700%2C700italic%2C900%2C900italic|font_style:700%20bold%20regular%3A700%3Anormal&#8221; css_animation=&#8221;fadeInUp&#8221; el_class=&#8221;custom-hd delay-2&#8243;][vc_empty_space height=&#8221;40px&#8221;][vc_custom_heading text=&#8221;managed services&#8221; font_container=&#8221;tag:h2|font_size:90px|text_align:left|color:%23ffffff|line_height:1.0&#8243; google_fonts=&#8221;font_family:Roboto%3A100%2C100italic%2C300%2C300italic%2Cregular%2Citalic%2C500%2C500italic%2C700%2C700italic%2C900%2C900italic|font_style:700%20bold%20regular%3A700%3Anormal&#8221; css_animation=&#8221;fadeInUp&#8221; el_class=&#8221;custom-hd delay-2&#8243;][vc_empty_space height=&#8221;40px&#8221;][\/vc_column][\/vc_row][\/vc_section][vc_section full_width=&#8221;stretch_row&#8221; css_animation=&#8221;none&#8221; css=&#8221;.vc_custom_1581501421722{padding-bottom: 60px !important;}&#8221; el_id=&#8221;overview&#8221;][vc_row][vc_column offset=&#8221;vc_hidden-sm vc_hidden-xs&#8221;][vc_widget_sidebar sidebar_id=&#8221;sidebar-5e42c723952d9&#8243;][\/vc_column][\/vc_row][vc_row][vc_column width=&#8221;1\/6&#8243;][\/vc_column][vc_column width=&#8221;2\/3&#8243;][vc_empty_space height=&#8221;80px&#8221;][vc_custom_heading text=&#8221;Overview&#8221; font_container=&#8221;tag:h6|font_size:10px|text_align:center|color:%23627792&#8243; use_theme_fonts=&#8221;yes&#8221; el_class=&#8221;style1&#8243;][vc_empty_space [&hellip;]<\/p>\n","protected":false},"author":1,"featured_media":0,"parent":2969,"menu_order":30,"comment_status":"closed","ping_status":"closed","template":"","meta":{"inline_featured_image":false,"footnotes":""},"class_list":["post-2977","page","type-page","status-publish","hentry"],"_links":{"self":[{"href":"https:\/\/www.forcenet.de\/en\/wp-json\/wp\/v2\/pages\/2977","targetHints":{"allow":["GET"]}}],"collection":[{"href":"https:\/\/www.forcenet.de\/en\/wp-json\/wp\/v2\/pages"}],"about":[{"href":"https:\/\/www.forcenet.de\/en\/wp-json\/wp\/v2\/types\/page"}],"author":[{"embeddable":true,"href":"https:\/\/www.forcenet.de\/en\/wp-json\/wp\/v2\/users\/1"}],"replies":[{"embeddable":true,"href":"https:\/\/www.forcenet.de\/en\/wp-json\/wp\/v2\/comments?post=2977"}],"version-history":[{"count":19,"href":"https:\/\/www.forcenet.de\/en\/wp-json\/wp\/v2\/pages\/2977\/revisions"}],"predecessor-version":[{"id":3363,"href":"https:\/\/www.forcenet.de\/en\/wp-json\/wp\/v2\/pages\/2977\/revisions\/3363"}],"up":[{"embeddable":true,"href":"https:\/\/www.forcenet.de\/en\/wp-json\/wp\/v2\/pages\/2969"}],"wp:attachment":[{"href":"https:\/\/www.forcenet.de\/en\/wp-json\/wp\/v2\/media?parent=2977"}],"curies":[{"name":"wp","href":"https:\/\/api.w.org\/{rel}","templated":true}]}}